{"id":6226,"date":"2024-07-04T14:01:49","date_gmt":"2024-07-04T14:01:49","guid":{"rendered":"https:\/\/www.redplus.eu\/green-clay\/"},"modified":"2026-03-16T13:59:24","modified_gmt":"2026-03-16T13:59:24","slug":"green-clay","status":"publish","type":"page","link":"https:\/\/www.redplus.eu\/de\/green-clay\/","title":{"rendered":"Green clay"},"content":{"rendered":"\t\t<div data-elementor-type=\"wp-page\" data-elementor-id=\"6226\" class=\"elementor elementor-6226 elementor-3998\" data-elementor-post-type=\"page\">\n\t\t\t\t\t\t<section class=\"elementor-section elementor-top-section elementor-element elementor-element-7789678 elementor-section-height-min-height inerr_banner_sec elementor-section-boxed elementor-section-height-default elementor-section-items-middle\" data-id=\"7789678\" data-element_type=\"section\" data-settings=\"{&quot;background_background&quot;:&quot;classic&quot;}\">\n\t\t\t\t\t\t\t<div class=\"elementor-background-overlay\"><\/div>\n\t\t\t\t\t\t\t<div class=\"elementor-container elementor-column-gap-no\">\n\t\t\t\t\t<div class=\"elementor-column elementor-col-100 elementor-top-column elementor-element elementor-element-71c1635\" data-id=\"71c1635\" data-element_type=\"column\">\n\t\t\t<div class=\"elementor-widget-wrap elementor-element-populated\">\n\t\t\t\t\t\t<section class=\"elementor-section elementor-inner-section elementor-element elementor-element-534770a inerr_banner_wrap elementor-section-boxed elementor-section-height-default elementor-section-height-default\" data-id=\"534770a\" data-element_type=\"section\">\n\t\t\t\t\t\t<div class=\"elementor-container elementor-column-gap-no\">\n\t\t\t\t\t<div class=\"elementor-column elementor-col-100 elementor-inner-column elementor-element elementor-element-f4137da\" data-id=\"f4137da\" data-element_type=\"column\">\n\t\t\t<div class=\"elementor-widget-wrap elementor-element-populated\">\n\t\t\t\t\t\t<div class=\"elementor-element elementor-element-16ca9d6 elementor-widget elementor-widget-heading\" data-id=\"16ca9d6\" data-element_type=\"widget\" data-widget_type=\"heading.default\">\n\t\t\t\t<div class=\"elementor-widget-container\">\n\t\t\t\t\t<h1 class=\"elementor-heading-title elementor-size-default\">Green clay<\/h1>\t\t\t\t<\/div>\n\t\t\t\t<\/div>\n\t\t\t\t<div class=\"elementor-element elementor-element-edfa86a elementor-align-center elementor-widget elementor-widget-breadcrumbs\" data-id=\"edfa86a\" data-element_type=\"widget\" data-widget_type=\"breadcrumbs.default\">\n\t\t\t\t<div class=\"elementor-widget-container\">\n\t\t\t\t\t<p id=\"breadcrumbs\"><span><span><a href=\"https:\/\/www.redplus.eu\/de\/\">Home<\/a><\/span><\/span><\/p>\t\t\t\t<\/div>\n\t\t\t\t<\/div>\n\t\t\t\t\t<\/div>\n\t\t<\/div>\n\t\t\t\t\t<\/div>\n\t\t<\/section>\n\t\t\t\t\t<\/div>\n\t\t<\/div>\n\t\t\t\t\t<\/div>\n\t\t<\/section>\n\t\t\t\t<section class=\"elementor-section elementor-top-section elementor-element elementor-element-8443f8f elementor-section-boxed elementor-section-height-default elementor-section-height-default\" data-id=\"8443f8f\" data-element_type=\"section\" data-settings=\"{&quot;background_background&quot;:&quot;classic&quot;}\">\n\t\t\t\t\t\t<div class=\"elementor-container elementor-column-gap-no\">\n\t\t\t\t\t<div class=\"elementor-column elementor-col-100 elementor-top-column elementor-element elementor-element-12fa69d\" data-id=\"12fa69d\" data-element_type=\"column\">\n\t\t\t<div class=\"elementor-widget-wrap elementor-element-populated\">\n\t\t\t\t\t\t<div class=\"elementor-element elementor-element-5641bb8 elementor-widget__width-auto elementor-absolute elementor-hidden-mobile elementor-widget elementor-widget-image\" data-id=\"5641bb8\" data-element_type=\"widget\" data-settings=\"{&quot;_position&quot;:&quot;absolute&quot;}\" data-widget_type=\"image.default\">\n\t\t\t\t<div class=\"elementor-widget-container\">\n\t\t\t\t\t\t\t\t\t\t\t\t\t\t\t<img fetchpriority=\"high\" decoding=\"async\" width=\"858\" height=\"858\" src=\"https:\/\/www.redplus.eu\/wp-content\/uploads\/2024\/05\/home-shape-gray.png\" class=\"attachment-full size-full wp-image-6292\" alt=\"\" srcset=\"https:\/\/www.redplus.eu\/wp-content\/uploads\/2024\/05\/home-shape-gray.png 858w, https:\/\/www.redplus.eu\/wp-content\/uploads\/2024\/05\/home-shape-gray-300x300.png 300w, https:\/\/www.redplus.eu\/wp-content\/uploads\/2024\/05\/home-shape-gray-150x150.png 150w, https:\/\/www.redplus.eu\/wp-content\/uploads\/2024\/05\/home-shape-gray-768x768.png 768w\" sizes=\"(max-width: 858px) 100vw, 858px\" \/>\t\t\t\t\t\t\t\t\t\t\t\t\t\t\t<\/div>\n\t\t\t\t<\/div>\n\t\t\t\t<section class=\"elementor-section elementor-inner-section elementor-element elementor-element-5ad9b23 elementor-section-content-top cerfi_red_wrap elementor-section-boxed elementor-section-height-default elementor-section-height-default\" data-id=\"5ad9b23\" data-element_type=\"section\">\n\t\t\t\t\t\t<div class=\"elementor-container elementor-column-gap-no\">\n\t\t\t\t\t<div class=\"elementor-column elementor-col-50 elementor-inner-column elementor-element elementor-element-c506e39 cerfi_red_left\" data-id=\"c506e39\" data-element_type=\"column\">\n\t\t\t<div class=\"elementor-widget-wrap elementor-element-populated\">\n\t\t\t\t\t\t<div class=\"elementor-element elementor-element-bf7ec6f rp_heading elementor-widget elementor-widget-heading\" data-id=\"bf7ec6f\" data-element_type=\"widget\" data-widget_type=\"heading.default\">\n\t\t\t\t<div class=\"elementor-widget-container\">\n\t\t\t\t\t<h2 class=\"elementor-heading-title elementor-size-default\">Red Plus ist seit 2016 auch mit Red Plus Green Clay auf dem Markt<\/h2>\t\t\t\t<\/div>\n\t\t\t\t<\/div>\n\t\t\t\t<div class=\"elementor-element elementor-element-b539020 elementor-align-left elementor-widget__width-auto elementor-widget elementor-widget-button\" data-id=\"b539020\" data-element_type=\"widget\" data-widget_type=\"button.default\">\n\t\t\t\t<div class=\"elementor-widget-container\">\n\t\t\t\t\t\t\t\t\t<div class=\"elementor-button-wrapper\">\n\t\t\t\t\t<a class=\"elementor-button elementor-button-link elementor-size-sm\" href=\"https:\/\/www.redplus.eu\/wp-content\/uploads\/2026\/03\/CATALOGO-REDPLUS-2025.pdf\" target=\"_blank\">\n\t\t\t\t\t\t<span class=\"elementor-button-content-wrapper\">\n\t\t\t\t\t\t\t\t\t<span class=\"elementor-button-text\">Laden Sie den Katalog herunter<\/span>\n\t\t\t\t\t<\/span>\n\t\t\t\t\t<\/a>\n\t\t\t\t<\/div>\n\t\t\t\t\t\t\t\t<\/div>\n\t\t\t\t<\/div>\n\t\t\t\t\t<\/div>\n\t\t<\/div>\n\t\t\t\t<div class=\"elementor-column elementor-col-50 elementor-inner-column elementor-element elementor-element-7d6c505 cerfi_red_right\" data-id=\"7d6c505\" data-element_type=\"column\">\n\t\t\t<div class=\"elementor-widget-wrap elementor-element-populated\">\n\t\t\t\t\t\t<div class=\"elementor-element elementor-element-12cbcdf elementor-widget elementor-widget-text-editor\" data-id=\"12cbcdf\" data-element_type=\"widget\" data-widget_type=\"text-editor.default\">\n\t\t\t\t<div class=\"elementor-widget-container\">\n\t\t\t\t\t\t\t\t\t<p>einem ITF 1-Slow zertifizierten Tennisplatz aus verst\u00e4rktem nat\u00fcrlichem gr\u00fcnem Ton. Red Plus Green Clay tritt in die Fu\u00dfstapfen von Red Plus Red Clay und spiegelt alle seine technischen und Leistungsmerkmale wider. Er ist die geeignete Oberfl\u00e4che f\u00fcr Liebhaber von gr\u00fcnem und rotem Sand. <\/p>\n\t\t\t\t\t\t\t\t<\/div>\n\t\t\t\t<\/div>\n\t\t\t\t\t<\/div>\n\t\t<\/div>\n\t\t\t\t\t<\/div>\n\t\t<\/section>\n\t\t\t\t\t<\/div>\n\t\t<\/div>\n\t\t\t\t\t<\/div>\n\t\t<\/section>\n\t\t\t\t<section class=\"elementor-section elementor-top-section elementor-element elementor-element-383d081 elementor-section-full_width ro_img_gallery_sec elementor-section-height-default elementor-section-height-default\" data-id=\"383d081\" data-element_type=\"section\">\n\t\t\t\t\t\t<div class=\"elementor-container elementor-column-gap-no\">\n\t\t\t\t\t<div class=\"elementor-column elementor-col-100 elementor-top-column elementor-element elementor-element-9a1b3fb\" data-id=\"9a1b3fb\" data-element_type=\"column\">\n\t\t\t<div class=\"elementor-widget-wrap elementor-element-populated\">\n\t\t\t\t\t\t<div class=\"elementor-element elementor-element-342ba09 elementor-widget elementor-widget-gallery\" data-id=\"342ba09\" data-element_type=\"widget\" data-settings=\"{&quot;columns_mobile&quot;:2,&quot;gap&quot;:{&quot;unit&quot;:&quot;px&quot;,&quot;size&quot;:20,&quot;sizes&quot;:[]},&quot;aspect_ratio&quot;:&quot;1:1&quot;,&quot;lazyload&quot;:&quot;yes&quot;,&quot;gallery_layout&quot;:&quot;grid&quot;,&quot;columns&quot;:4,&quot;columns_tablet&quot;:2,&quot;gap_tablet&quot;:{&quot;unit&quot;:&quot;px&quot;,&quot;size&quot;:10,&quot;sizes&quot;:[]},&quot;gap_mobile&quot;:{&quot;unit&quot;:&quot;px&quot;,&quot;size&quot;:10,&quot;sizes&quot;:[]},&quot;link_to&quot;:&quot;file&quot;,&quot;content_hover_animation&quot;:&quot;fade-in&quot;}\" data-widget_type=\"gallery.default\">\n\t\t\t\t<div class=\"elementor-widget-container\">\n\t\t\t\t\t\t\t<div class=\"elementor-gallery__container\">\n\t\t\t\t\t\t\t<a class=\"e-gallery-item elementor-gallery-item elementor-animated-content\" href=\"https:\/\/www.redplus.eu\/wp-content\/uploads\/2024\/07\/Terra-verde_2-copia.jpg\" data-elementor-open-lightbox=\"yes\" data-elementor-lightbox-slideshow=\"342ba09\" data-elementor-lightbox-title=\"Terra-verde_2-copia\" data-e-action-hash=\"#elementor-action%3Aaction%3Dlightbox%26settings%3DeyJpZCI6NDg3OCwidXJsIjoiaHR0cHM6XC9cL3d3dy5yZWRwbHVzLmV1XC93cC1jb250ZW50XC91cGxvYWRzXC8yMDI0XC8wN1wvVGVycmEtdmVyZGVfMi1jb3BpYS5qcGciLCJzbGlkZXNob3ciOiIzNDJiYTA5In0%3D\">\n\t\t\t\t\t<div class=\"e-gallery-image elementor-gallery-item__image\" data-thumbnail=\"https:\/\/www.redplus.eu\/wp-content\/uploads\/2024\/07\/Terra-verde_2-copia-1024x682.jpg\" data-width=\"800\" data-height=\"533\" aria-label=\"\" role=\"img\" ><\/div>\n\t\t\t\t\t\t\t\t\t\t\t\t\t\t<\/a>\n\t\t\t\t\t\t\t<a class=\"e-gallery-item elementor-gallery-item elementor-animated-content\" href=\"https:\/\/www.redplus.eu\/wp-content\/uploads\/2024\/07\/Terra-verde_4-copia.jpg\" data-elementor-open-lightbox=\"yes\" data-elementor-lightbox-slideshow=\"342ba09\" data-elementor-lightbox-title=\"Terra-verde_4-copia\" data-e-action-hash=\"#elementor-action%3Aaction%3Dlightbox%26settings%3DeyJpZCI6NDg3OSwidXJsIjoiaHR0cHM6XC9cL3d3dy5yZWRwbHVzLmV1XC93cC1jb250ZW50XC91cGxvYWRzXC8yMDI0XC8wN1wvVGVycmEtdmVyZGVfNC1jb3BpYS5qcGciLCJzbGlkZXNob3ciOiIzNDJiYTA5In0%3D\">\n\t\t\t\t\t<div class=\"e-gallery-image elementor-gallery-item__image\" data-thumbnail=\"https:\/\/www.redplus.eu\/wp-content\/uploads\/2024\/07\/Terra-verde_4-copia-1024x682.jpg\" data-width=\"800\" data-height=\"533\" aria-label=\"\" role=\"img\" ><\/div>\n\t\t\t\t\t\t\t\t\t\t\t\t\t\t<\/a>\n\t\t\t\t\t\t\t<a class=\"e-gallery-item elementor-gallery-item elementor-animated-content\" href=\"https:\/\/www.redplus.eu\/wp-content\/uploads\/2024\/07\/Terra-verde_1-copia.jpg\" data-elementor-open-lightbox=\"yes\" data-elementor-lightbox-slideshow=\"342ba09\" data-elementor-lightbox-title=\"Terra-verde_1-copia\" data-e-action-hash=\"#elementor-action%3Aaction%3Dlightbox%26settings%3DeyJpZCI6NDg4MCwidXJsIjoiaHR0cHM6XC9cL3d3dy5yZWRwbHVzLmV1XC93cC1jb250ZW50XC91cGxvYWRzXC8yMDI0XC8wN1wvVGVycmEtdmVyZGVfMS1jb3BpYS5qcGciLCJzbGlkZXNob3ciOiIzNDJiYTA5In0%3D\">\n\t\t\t\t\t<div class=\"e-gallery-image elementor-gallery-item__image\" data-thumbnail=\"https:\/\/www.redplus.eu\/wp-content\/uploads\/2024\/07\/Terra-verde_1-copia-1024x682.jpg\" data-width=\"800\" data-height=\"533\" aria-label=\"\" role=\"img\" ><\/div>\n\t\t\t\t\t\t\t\t\t\t\t\t\t\t<\/a>\n\t\t\t\t\t\t\t<a class=\"e-gallery-item elementor-gallery-item elementor-animated-content\" href=\"https:\/\/www.redplus.eu\/wp-content\/uploads\/2024\/07\/Terra-verde_5-copia.jpg\" data-elementor-open-lightbox=\"yes\" data-elementor-lightbox-slideshow=\"342ba09\" data-elementor-lightbox-title=\"Terra-verde_5-copia\" data-e-action-hash=\"#elementor-action%3Aaction%3Dlightbox%26settings%3DeyJpZCI6NDg4MSwidXJsIjoiaHR0cHM6XC9cL3d3dy5yZWRwbHVzLmV1XC93cC1jb250ZW50XC91cGxvYWRzXC8yMDI0XC8wN1wvVGVycmEtdmVyZGVfNS1jb3BpYS5qcGciLCJzbGlkZXNob3ciOiIzNDJiYTA5In0%3D\">\n\t\t\t\t\t<div class=\"e-gallery-image elementor-gallery-item__image\" data-thumbnail=\"https:\/\/www.redplus.eu\/wp-content\/uploads\/2024\/07\/Terra-verde_5-copia-1024x682.jpg\" data-width=\"800\" data-height=\"533\" aria-label=\"\" role=\"img\" ><\/div>\n\t\t\t\t\t\t\t\t\t\t\t\t\t\t<\/a>\n\t\t\t\t\t<\/div>\n\t\t\t\t\t<\/div>\n\t\t\t\t<\/div>\n\t\t\t\t\t<\/div>\n\t\t<\/div>\n\t\t\t\t\t<\/div>\n\t\t<\/section>\n\t\t\t\t<section class=\"elementor-section elementor-top-section elementor-element elementor-element-6bb96de elementor-section-boxed elementor-section-height-default elementor-section-height-default\" data-id=\"6bb96de\" data-element_type=\"section\">\n\t\t\t\t\t\t<div class=\"elementor-container elementor-column-gap-default\">\n\t\t\t\t\t<div class=\"elementor-column elementor-col-50 elementor-top-column elementor-element elementor-element-dac89d9\" data-id=\"dac89d9\" data-element_type=\"column\">\n\t\t\t<div class=\"elementor-widget-wrap elementor-element-populated\">\n\t\t\t\t\t\t<div class=\"elementor-element elementor-element-8bea66d elementor-widget elementor-widget-heading\" data-id=\"8bea66d\" data-element_type=\"widget\" data-widget_type=\"heading.default\">\n\t\t\t\t<div class=\"elementor-widget-container\">\n\t\t\t\t\t<h2 class=\"elementor-heading-title elementor-size-default\">WARUM RED PLUS GREEN CLAY W\u00c4HLEN?<\/h2>\t\t\t\t<\/div>\n\t\t\t\t<\/div>\n\t\t\t\t<div class=\"elementor-element elementor-element-a2a7f4f elementor-widget elementor-widget-text-editor\" data-id=\"a2a7f4f\" data-element_type=\"widget\" data-widget_type=\"text-editor.default\">\n\t\t\t\t<div class=\"elementor-widget-container\">\n\t\t\t\t\t\t\t\t\t<ul>\n<li>Kosteneinsparungen bei der Vorbereitung des Unterbodens f\u00fcr Neu- und Altinstallationen im Vergleich zu herk\u00f6mmlichen roten oder gr\u00fcnen Sandpl\u00e4tzen;<\/li>\n<li>Jeder vorhandene Tennisplatz kann in Red Plus umgewandelt werden;<\/li>\n<li>Gleich nach der Installation spielbar;<\/li>\n<li>Unempfindlich gegen Wind (windfester Sand);<\/li>\n<li>Unempfindlich gegen\u00fcber Frost;<\/li>\n<li>Hervorragende Entw\u00e4sserungseigenschaften;<\/li>\n<li>Wenige Tons\u00e4cke, die jedes Jahr zur Sanierung verwendet werden;<\/li>\n<li>Keine Dellen, die repariert werden m\u00fcssen;<\/li>\n<li>Rutschen wie bei herk\u00f6mmlichen Aschenpl\u00e4tzen;<\/li>\n<li>Hervorragender Ballsprung;<\/li>\n<li>Etwas schneller als ein herk\u00f6mmlicher Sandplatz;<\/li>\n<li>Ben\u00f6tigt weniger Wasser als ein herk\u00f6mmlicher Sandplatz;<\/li>\n<li>Hallenpl\u00e4tze mit geringer Luftfeuchtigkeit;<\/li>\n<li>Hallenpl\u00e4tze mit reduzierten Heizkosten;<\/li>\n<li>Red Plus Red Clay erfordert 80 % weniger Wartung als ein herk\u00f6mmlicher Sandplatz;<\/li>\n<li>10 Jahre Garantie;<\/li>\n<li>Inklusiver Tennisplatz.<\/li>\n<\/ul>\n\t\t\t\t\t\t\t\t<\/div>\n\t\t\t\t<\/div>\n\t\t\t\t\t<\/div>\n\t\t<\/div>\n\t\t\t\t<div class=\"elementor-column elementor-col-50 elementor-top-column elementor-element elementor-element-65b97e2 rp_last_sec\" data-id=\"65b97e2\" data-element_type=\"column\">\n\t\t\t<div class=\"elementor-widget-wrap elementor-element-populated\">\n\t\t\t\t\t\t<div class=\"elementor-element elementor-element-af9762a elementor-widget elementor-widget-image\" data-id=\"af9762a\" data-element_type=\"widget\" data-widget_type=\"image.default\">\n\t\t\t\t<div class=\"elementor-widget-container\">\n\t\t\t\t\t\t\t\t\t\t\t\t\t\t\t<img decoding=\"async\" width=\"800\" height=\"929\" src=\"https:\/\/www.redplus.eu\/wp-content\/uploads\/2024\/07\/Terra-verde-piu-viva_2-green-clay-pagina-882x1024.jpg\" class=\"attachment-large size-large wp-image-6228\" alt=\"Campo da tennis Green Clay RedPlus con superficie verde e linee bianche\" srcset=\"https:\/\/www.redplus.eu\/wp-content\/uploads\/2024\/07\/Terra-verde-piu-viva_2-green-clay-pagina-882x1024.jpg 882w, https:\/\/www.redplus.eu\/wp-content\/uploads\/2024\/07\/Terra-verde-piu-viva_2-green-clay-pagina-258x300.jpg 258w, https:\/\/www.redplus.eu\/wp-content\/uploads\/2024\/07\/Terra-verde-piu-viva_2-green-clay-pagina-768x892.jpg 768w, https:\/\/www.redplus.eu\/wp-content\/uploads\/2024\/07\/Terra-verde-piu-viva_2-green-clay-pagina.jpg 1060w\" sizes=\"(max-width: 800px) 100vw, 800px\" \/>\t\t\t\t\t\t\t\t\t\t\t\t\t\t\t<\/div>\n\t\t\t\t<\/div>\n\t\t\t\t\t<\/div>\n\t\t<\/div>\n\t\t\t\t\t<\/div>\n\t\t<\/section>\n\t\t\t\t<\/div>\n\t\t","protected":false},"excerpt":{"rendered":"<p>Green clay Red Plus ist seit 2016 auch mit Red Plus Green Clay auf dem Markt Laden Sie den Katalog herunter einem ITF 1-Slow zertifizierten Tennisplatz aus verst\u00e4rktem nat\u00fcrlichem gr\u00fcnem Ton. Red Plus Green Clay tritt in die Fu\u00dfstapfen von Red Plus Red Clay und spiegelt alle seine technischen und Leistungsmerkmale wider. Er ist die [&hellip;]<\/p>\n","protected":false},"author":7,"featured_media":0,"parent":0,"menu_order":0,"comment_status":"closed","ping_status":"closed","template":"","meta":{"_acf_changed":false,"footnotes":""},"class_list":["post-6226","page","type-page","status-publish","hentry"],"acf":[],"yoast_head":"<!-- This site is optimized with the Yoast SEO plugin v26.7 - https:\/\/yoast.com\/wordpress\/plugins\/seo\/ -->\n<title>Green clay | RedPlus<\/title>\n<meta name=\"robots\" content=\"index, follow, max-snippet:-1, max-image-preview:large, max-video-preview:-1\" \/>\n<link rel=\"canonical\" href=\"https:\/\/www.redplus.eu\/de\/green-clay\/\" \/>\n<meta property=\"og:locale\" content=\"de_DE\" \/>\n<meta property=\"og:type\" content=\"article\" \/>\n<meta property=\"og:title\" content=\"Green clay | RedPlus\" \/>\n<meta property=\"og:description\" content=\"Green clay Red Plus ist seit 2016 auch mit Red Plus Green Clay auf dem Markt Laden Sie den Katalog herunter einem ITF 1-Slow zertifizierten Tennisplatz aus verst\u00e4rktem nat\u00fcrlichem gr\u00fcnem Ton. Red Plus Green Clay tritt in die Fu\u00dfstapfen von Red Plus Red Clay und spiegelt alle seine technischen und Leistungsmerkmale wider. Er ist die [&hellip;]\" \/>\n<meta property=\"og:url\" content=\"https:\/\/www.redplus.eu\/de\/green-clay\/\" \/>\n<meta property=\"og:site_name\" content=\"RedPlus\" \/>\n<meta property=\"article:modified_time\" content=\"2026-03-16T13:59:24+00:00\" \/>\n<meta property=\"og:image\" content=\"https:\/\/www.redplus.eu\/wp-content\/uploads\/2024\/05\/home-shape-gray.png\" \/>\n\t<meta property=\"og:image:width\" content=\"858\" \/>\n\t<meta property=\"og:image:height\" content=\"858\" \/>\n\t<meta property=\"og:image:type\" content=\"image\/png\" \/>\n<meta name=\"twitter:card\" content=\"summary_large_image\" \/>\n<meta name=\"twitter:label1\" content=\"Gesch\u00e4tzte Lesezeit\" \/>\n\t<meta name=\"twitter:data1\" content=\"2\u00a0Minuten\" \/>\n<!-- \/ Yoast SEO plugin. -->","yoast_head_json":{"title":"Green clay | RedPlus","robots":{"index":"index","follow":"follow","max-snippet":"max-snippet:-1","max-image-preview":"max-image-preview:large","max-video-preview":"max-video-preview:-1"},"canonical":"https:\/\/www.redplus.eu\/de\/green-clay\/","og_locale":"de_DE","og_type":"article","og_title":"Green clay | RedPlus","og_description":"Green clay Red Plus ist seit 2016 auch mit Red Plus Green Clay auf dem Markt Laden Sie den Katalog herunter einem ITF 1-Slow zertifizierten Tennisplatz aus verst\u00e4rktem nat\u00fcrlichem gr\u00fcnem Ton. Red Plus Green Clay tritt in die Fu\u00dfstapfen von Red Plus Red Clay und spiegelt alle seine technischen und Leistungsmerkmale wider. Er ist die [&hellip;]","og_url":"https:\/\/www.redplus.eu\/de\/green-clay\/","og_site_name":"RedPlus","article_modified_time":"2026-03-16T13:59:24+00:00","og_image":[{"width":858,"height":858,"url":"https:\/\/www.redplus.eu\/wp-content\/uploads\/2024\/05\/home-shape-gray.png","type":"image\/png"}],"twitter_card":"summary_large_image","twitter_misc":{"Gesch\u00e4tzte Lesezeit":"2\u00a0Minuten"},"schema":{"@context":"https:\/\/schema.org","@graph":[{"@type":"WebPage","@id":"https:\/\/www.redplus.eu\/de\/green-clay\/","url":"https:\/\/www.redplus.eu\/de\/green-clay\/","name":"Green clay | RedPlus","isPartOf":{"@id":"https:\/\/www.redplus.eu\/de\/#website"},"primaryImageOfPage":{"@id":"https:\/\/www.redplus.eu\/de\/green-clay\/#primaryimage"},"image":{"@id":"https:\/\/www.redplus.eu\/de\/green-clay\/#primaryimage"},"thumbnailUrl":"https:\/\/www.redplus.eu\/wp-content\/uploads\/2024\/05\/home-shape-gray.png","datePublished":"2024-07-04T14:01:49+00:00","dateModified":"2026-03-16T13:59:24+00:00","breadcrumb":{"@id":"https:\/\/www.redplus.eu\/de\/green-clay\/#breadcrumb"},"inLanguage":"de","potentialAction":[{"@type":"ReadAction","target":["https:\/\/www.redplus.eu\/de\/green-clay\/"]}]},{"@type":"ImageObject","inLanguage":"de","@id":"https:\/\/www.redplus.eu\/de\/green-clay\/#primaryimage","url":"https:\/\/www.redplus.eu\/wp-content\/uploads\/2024\/05\/home-shape-gray.png","contentUrl":"https:\/\/www.redplus.eu\/wp-content\/uploads\/2024\/05\/home-shape-gray.png"},{"@type":"BreadcrumbList","@id":"https:\/\/www.redplus.eu\/de\/green-clay\/#breadcrumb","itemListElement":[{"@type":"ListItem","position":1,"name":"Home","item":"https:\/\/www.redplus.eu\/de\/"},{"@type":"ListItem","position":2,"name":"Green clay"}]},{"@type":"WebSite","@id":"https:\/\/www.redplus.eu\/de\/#website","url":"https:\/\/www.redplus.eu\/de\/","name":"RedPlus","description":"La nuova generazione dei campi da tennis","publisher":{"@id":"https:\/\/www.redplus.eu\/de\/#organization"},"potentialAction":[{"@type":"SearchAction","target":{"@type":"EntryPoint","urlTemplate":"https:\/\/www.redplus.eu\/de\/?s={search_term_string}"},"query-input":{"@type":"PropertyValueSpecification","valueRequired":true,"valueName":"search_term_string"}}],"inLanguage":"de"},{"@type":"Organization","@id":"https:\/\/www.redplus.eu\/de\/#organization","name":"Redplus","url":"https:\/\/www.redplus.eu\/de\/","logo":{"@type":"ImageObject","inLanguage":"de","@id":"https:\/\/www.redplus.eu\/de\/#\/schema\/logo\/image\/","url":"https:\/\/www.redplus.eu\/wp-content\/uploads\/2022\/12\/site_logo.png","contentUrl":"https:\/\/www.redplus.eu\/wp-content\/uploads\/2022\/12\/site_logo.png","width":223,"height":66,"caption":"Redplus"},"image":{"@id":"https:\/\/www.redplus.eu\/de\/#\/schema\/logo\/image\/"}}]}},"_links":{"self":[{"href":"https:\/\/www.redplus.eu\/de\/wp-json\/wp\/v2\/pages\/6226","targetHints":{"allow":["GET"]}}],"collection":[{"href":"https:\/\/www.redplus.eu\/de\/wp-json\/wp\/v2\/pages"}],"about":[{"href":"https:\/\/www.redplus.eu\/de\/wp-json\/wp\/v2\/types\/page"}],"author":[{"embeddable":true,"href":"https:\/\/www.redplus.eu\/de\/wp-json\/wp\/v2\/users\/7"}],"replies":[{"embeddable":true,"href":"https:\/\/www.redplus.eu\/de\/wp-json\/wp\/v2\/comments?post=6226"}],"version-history":[{"count":4,"href":"https:\/\/www.redplus.eu\/de\/wp-json\/wp\/v2\/pages\/6226\/revisions"}],"predecessor-version":[{"id":8031,"href":"https:\/\/www.redplus.eu\/de\/wp-json\/wp\/v2\/pages\/6226\/revisions\/8031"}],"wp:attachment":[{"href":"https:\/\/www.redplus.eu\/de\/wp-json\/wp\/v2\/media?parent=6226"}],"curies":[{"name":"wp","href":"https:\/\/api.w.org\/{rel}","templated":true}]}}