{"id":6533,"date":"2024-07-04T14:16:47","date_gmt":"2024-07-04T14:16:47","guid":{"rendered":"https:\/\/www.redplus.eu\/grass-plus\/"},"modified":"2026-03-16T13:55:31","modified_gmt":"2026-03-16T13:55:31","slug":"grass-plus","status":"publish","type":"page","link":"https:\/\/www.redplus.eu\/fr\/grass-plus\/","title":{"rendered":"Grass plus"},"content":{"rendered":"\t\t<div data-elementor-type=\"wp-page\" data-elementor-id=\"6533\" class=\"elementor elementor-6533 elementor-4021\" data-elementor-post-type=\"page\">\n\t\t\t\t\t\t<section class=\"elementor-section elementor-top-section elementor-element elementor-element-7789678 elementor-section-height-min-height inerr_banner_sec elementor-section-boxed elementor-section-height-default elementor-section-items-middle\" data-id=\"7789678\" data-element_type=\"section\" data-settings=\"{&quot;background_background&quot;:&quot;classic&quot;}\">\n\t\t\t\t\t\t\t<div class=\"elementor-background-overlay\"><\/div>\n\t\t\t\t\t\t\t<div class=\"elementor-container elementor-column-gap-no\">\n\t\t\t\t\t<div class=\"elementor-column elementor-col-100 elementor-top-column elementor-element elementor-element-71c1635\" data-id=\"71c1635\" data-element_type=\"column\">\n\t\t\t<div class=\"elementor-widget-wrap elementor-element-populated\">\n\t\t\t\t\t\t<section class=\"elementor-section elementor-inner-section elementor-element elementor-element-534770a inerr_banner_wrap elementor-section-boxed elementor-section-height-default elementor-section-height-default\" data-id=\"534770a\" data-element_type=\"section\">\n\t\t\t\t\t\t<div class=\"elementor-container elementor-column-gap-no\">\n\t\t\t\t\t<div class=\"elementor-column elementor-col-100 elementor-inner-column elementor-element elementor-element-f4137da\" data-id=\"f4137da\" data-element_type=\"column\">\n\t\t\t<div class=\"elementor-widget-wrap elementor-element-populated\">\n\t\t\t\t\t\t<div class=\"elementor-element elementor-element-16ca9d6 elementor-widget elementor-widget-heading\" data-id=\"16ca9d6\" data-element_type=\"widget\" data-widget_type=\"heading.default\">\n\t\t\t\t<div class=\"elementor-widget-container\">\n\t\t\t\t\t<h1 class=\"elementor-heading-title elementor-size-default\">Grass plus<\/h1>\t\t\t\t<\/div>\n\t\t\t\t<\/div>\n\t\t\t\t<div class=\"elementor-element elementor-element-a0c61fd elementor-align-center elementor-widget elementor-widget-breadcrumbs\" data-id=\"a0c61fd\" data-element_type=\"widget\" data-widget_type=\"breadcrumbs.default\">\n\t\t\t\t<div class=\"elementor-widget-container\">\n\t\t\t\t\t<p id=\"breadcrumbs\"><span><span><a href=\"https:\/\/www.redplus.eu\/fr\/\">Home<\/a><\/span><\/span><\/p>\t\t\t\t<\/div>\n\t\t\t\t<\/div>\n\t\t\t\t\t<\/div>\n\t\t<\/div>\n\t\t\t\t\t<\/div>\n\t\t<\/section>\n\t\t\t\t\t<\/div>\n\t\t<\/div>\n\t\t\t\t\t<\/div>\n\t\t<\/section>\n\t\t\t\t<section class=\"elementor-section elementor-top-section elementor-element elementor-element-8443f8f elementor-section-boxed elementor-section-height-default elementor-section-height-default\" data-id=\"8443f8f\" data-element_type=\"section\" data-settings=\"{&quot;background_background&quot;:&quot;classic&quot;}\">\n\t\t\t\t\t\t<div class=\"elementor-container elementor-column-gap-no\">\n\t\t\t\t\t<div class=\"elementor-column elementor-col-100 elementor-top-column elementor-element elementor-element-12fa69d\" data-id=\"12fa69d\" data-element_type=\"column\">\n\t\t\t<div class=\"elementor-widget-wrap elementor-element-populated\">\n\t\t\t\t\t\t<div class=\"elementor-element elementor-element-5641bb8 elementor-widget__width-auto elementor-absolute elementor-hidden-mobile elementor-widget elementor-widget-image\" data-id=\"5641bb8\" data-element_type=\"widget\" data-settings=\"{&quot;_position&quot;:&quot;absolute&quot;}\" data-widget_type=\"image.default\">\n\t\t\t\t<div class=\"elementor-widget-container\">\n\t\t\t\t\t\t\t\t\t\t\t\t\t\t\t<img fetchpriority=\"high\" decoding=\"async\" width=\"858\" height=\"858\" src=\"https:\/\/www.redplus.eu\/wp-content\/uploads\/2024\/05\/home-shape-gray.png\" class=\"attachment-full size-full wp-image-6623\" alt=\"\" srcset=\"https:\/\/www.redplus.eu\/wp-content\/uploads\/2024\/05\/home-shape-gray.png 858w, https:\/\/www.redplus.eu\/wp-content\/uploads\/2024\/05\/home-shape-gray-300x300.png 300w, https:\/\/www.redplus.eu\/wp-content\/uploads\/2024\/05\/home-shape-gray-150x150.png 150w, https:\/\/www.redplus.eu\/wp-content\/uploads\/2024\/05\/home-shape-gray-768x768.png 768w\" sizes=\"(max-width: 858px) 100vw, 858px\" \/>\t\t\t\t\t\t\t\t\t\t\t\t\t\t\t<\/div>\n\t\t\t\t<\/div>\n\t\t\t\t<section class=\"elementor-section elementor-inner-section elementor-element elementor-element-5ad9b23 elementor-section-content-top cerfi_red_wrap elementor-section-boxed elementor-section-height-default elementor-section-height-default\" data-id=\"5ad9b23\" data-element_type=\"section\">\n\t\t\t\t\t\t<div class=\"elementor-container elementor-column-gap-no\">\n\t\t\t\t\t<div class=\"elementor-column elementor-col-50 elementor-inner-column elementor-element elementor-element-c506e39 cerfi_red_left\" data-id=\"c506e39\" data-element_type=\"column\">\n\t\t\t<div class=\"elementor-widget-wrap elementor-element-populated\">\n\t\t\t\t\t\t<div class=\"elementor-element elementor-element-bf7ec6f rp_heading elementor-widget elementor-widget-heading\" data-id=\"bf7ec6f\" data-element_type=\"widget\" data-widget_type=\"heading.default\">\n\t\t\t\t<div class=\"elementor-widget-container\">\n\t\t\t\t\t<h2 class=\"elementor-heading-title elementor-size-default\">Grass Plus \u00e8 un sistema in erba naturale rinforzata<\/h2>\t\t\t\t<\/div>\n\t\t\t\t<\/div>\n\t\t\t\t<div class=\"elementor-element elementor-element-978a362 elementor-align-left elementor-widget__width-auto elementor-widget elementor-widget-button\" data-id=\"978a362\" data-element_type=\"widget\" data-widget_type=\"button.default\">\n\t\t\t\t<div class=\"elementor-widget-container\">\n\t\t\t\t\t\t\t\t\t<div class=\"elementor-button-wrapper\">\n\t\t\t\t\t<a class=\"elementor-button elementor-button-link elementor-size-sm\" href=\"https:\/\/www.redplus.eu\/wp-content\/uploads\/2026\/03\/CATALOGO-REDPLUS-2025.pdf\" target=\"_blank\">\n\t\t\t\t\t\t<span class=\"elementor-button-content-wrapper\">\n\t\t\t\t\t\t\t\t\t<span class=\"elementor-button-text\">T\u00e9l\u00e9chargez le catalogue<\/span>\n\t\t\t\t\t<\/span>\n\t\t\t\t\t<\/a>\n\t\t\t\t<\/div>\n\t\t\t\t\t\t\t\t<\/div>\n\t\t\t\t<\/div>\n\t\t\t\t\t<\/div>\n\t\t<\/div>\n\t\t\t\t<div class=\"elementor-column elementor-col-50 elementor-inner-column elementor-element elementor-element-7d6c505 cerfi_red_right\" data-id=\"7d6c505\" data-element_type=\"column\">\n\t\t\t<div class=\"elementor-widget-wrap elementor-element-populated\">\n\t\t\t\t\t\t<div class=\"elementor-element elementor-element-12cbcdf elementor-widget elementor-widget-text-editor\" data-id=\"12cbcdf\" data-element_type=\"widget\" data-widget_type=\"text-editor.default\">\n\t\t\t\t<div class=\"elementor-widget-container\">\n\t\t\t\t\t\t\t\t\t<p>Depuis 2023, Red Plus est sur le march\u00e9 avec un projet tr\u00e8s ambitieux pour qui aime jouer sur les terrains en gazon naturel, Grass Plus. Grass Plus est un syst\u00e8me de gazon naturel renforc\u00e9, con\u00e7u par un pool d\u2019agronomes, de joueurs et de techniciens pour les athl\u00e8tes professionnels, qui garantit tous les standards de performance des terrains en gazon naturel des tournois les plus prestigieux du monde. De cette mani\u00e8re, Red Plus a pu couvrir toute la gamme de rev\u00eatements naturels renforc\u00e9s existants con\u00e7us pour le tennis.  <\/p>\n\t\t\t\t\t\t\t\t<\/div>\n\t\t\t\t<\/div>\n\t\t\t\t\t<\/div>\n\t\t<\/div>\n\t\t\t\t\t<\/div>\n\t\t<\/section>\n\t\t\t\t\t<\/div>\n\t\t<\/div>\n\t\t\t\t\t<\/div>\n\t\t<\/section>\n\t\t\t\t<section class=\"elementor-section elementor-top-section elementor-element elementor-element-383d081 elementor-section-full_width ro_img_gallery_sec elementor-section-height-default elementor-section-height-default\" data-id=\"383d081\" data-element_type=\"section\">\n\t\t\t\t\t\t<div class=\"elementor-container elementor-column-gap-no\">\n\t\t\t\t\t<div class=\"elementor-column elementor-col-100 elementor-top-column elementor-element elementor-element-9a1b3fb\" data-id=\"9a1b3fb\" data-element_type=\"column\">\n\t\t\t<div class=\"elementor-widget-wrap elementor-element-populated\">\n\t\t\t\t\t\t<div class=\"elementor-element elementor-element-342ba09 elementor-widget elementor-widget-gallery\" data-id=\"342ba09\" data-element_type=\"widget\" data-settings=\"{&quot;columns_mobile&quot;:2,&quot;gap&quot;:{&quot;unit&quot;:&quot;px&quot;,&quot;size&quot;:20,&quot;sizes&quot;:[]},&quot;aspect_ratio&quot;:&quot;1:1&quot;,&quot;lazyload&quot;:&quot;yes&quot;,&quot;gallery_layout&quot;:&quot;grid&quot;,&quot;columns&quot;:4,&quot;columns_tablet&quot;:2,&quot;gap_tablet&quot;:{&quot;unit&quot;:&quot;px&quot;,&quot;size&quot;:10,&quot;sizes&quot;:[]},&quot;gap_mobile&quot;:{&quot;unit&quot;:&quot;px&quot;,&quot;size&quot;:10,&quot;sizes&quot;:[]},&quot;link_to&quot;:&quot;file&quot;,&quot;content_hover_animation&quot;:&quot;fade-in&quot;}\" data-widget_type=\"gallery.default\">\n\t\t\t\t<div class=\"elementor-widget-container\">\n\t\t\t\t\t\t\t<div class=\"elementor-gallery__container\">\n\t\t\t\t\t\t\t<a class=\"e-gallery-item elementor-gallery-item elementor-animated-content\" href=\"https:\/\/www.redplus.eu\/wp-content\/uploads\/2024\/07\/Vista-dal-fondo.jpg\" data-elementor-open-lightbox=\"yes\" data-elementor-lightbox-slideshow=\"342ba09\" data-elementor-lightbox-title=\"Vista-dal-fondo\" data-e-action-hash=\"#elementor-action%3Aaction%3Dlightbox%26settings%3DeyJpZCI6NjUzNSwidXJsIjoiaHR0cHM6XC9cL3d3dy5yZWRwbHVzLmV1XC93cC1jb250ZW50XC91cGxvYWRzXC8yMDI0XC8wN1wvVmlzdGEtZGFsLWZvbmRvLmpwZyIsInNsaWRlc2hvdyI6IjM0MmJhMDkifQ%3D%3D\">\n\t\t\t\t\t<div class=\"e-gallery-image elementor-gallery-item__image\" data-thumbnail=\"https:\/\/www.redplus.eu\/wp-content\/uploads\/2024\/07\/Vista-dal-fondo-768x1024.jpg\" data-width=\"768\" data-height=\"1024\" aria-label=\"\" role=\"img\" ><\/div>\n\t\t\t\t\t\t\t\t\t\t\t\t\t\t<\/a>\n\t\t\t\t\t\t\t<a class=\"e-gallery-item elementor-gallery-item elementor-animated-content\" href=\"https:\/\/www.redplus.eu\/wp-content\/uploads\/2024\/07\/Vista-dal-fondo_laterale.jpg\" data-elementor-open-lightbox=\"yes\" data-elementor-lightbox-slideshow=\"342ba09\" data-elementor-lightbox-title=\"Vista-dal-fondo_laterale\" data-e-action-hash=\"#elementor-action%3Aaction%3Dlightbox%26settings%3DeyJpZCI6NjUzNiwidXJsIjoiaHR0cHM6XC9cL3d3dy5yZWRwbHVzLmV1XC93cC1jb250ZW50XC91cGxvYWRzXC8yMDI0XC8wN1wvVmlzdGEtZGFsLWZvbmRvX2xhdGVyYWxlLmpwZyIsInNsaWRlc2hvdyI6IjM0MmJhMDkifQ%3D%3D\">\n\t\t\t\t\t<div class=\"e-gallery-image elementor-gallery-item__image\" data-thumbnail=\"https:\/\/www.redplus.eu\/wp-content\/uploads\/2024\/07\/Vista-dal-fondo_laterale-1024x768.jpg\" data-width=\"800\" data-height=\"600\" aria-label=\"\" role=\"img\" ><\/div>\n\t\t\t\t\t\t\t\t\t\t\t\t\t\t<\/a>\n\t\t\t\t\t\t\t<a class=\"e-gallery-item elementor-gallery-item elementor-animated-content\" href=\"https:\/\/www.redplus.eu\/wp-content\/uploads\/2024\/07\/Angolo-con-verde-intenso.jpg\" data-elementor-open-lightbox=\"yes\" data-elementor-lightbox-slideshow=\"342ba09\" data-elementor-lightbox-title=\"Angolo-con-verde-intenso\" data-e-action-hash=\"#elementor-action%3Aaction%3Dlightbox%26settings%3DeyJpZCI6NjUzNywidXJsIjoiaHR0cHM6XC9cL3d3dy5yZWRwbHVzLmV1XC93cC1jb250ZW50XC91cGxvYWRzXC8yMDI0XC8wN1wvQW5nb2xvLWNvbi12ZXJkZS1pbnRlbnNvLmpwZyIsInNsaWRlc2hvdyI6IjM0MmJhMDkifQ%3D%3D\">\n\t\t\t\t\t<div class=\"e-gallery-image elementor-gallery-item__image\" data-thumbnail=\"https:\/\/www.redplus.eu\/wp-content\/uploads\/2024\/07\/Angolo-con-verde-intenso-1024x695.jpg\" data-width=\"800\" data-height=\"543\" aria-label=\"\" role=\"img\" ><\/div>\n\t\t\t\t\t\t\t\t\t\t\t\t\t\t<\/a>\n\t\t\t\t\t\t\t<a class=\"e-gallery-item elementor-gallery-item elementor-animated-content\" href=\"https:\/\/www.redplus.eu\/wp-content\/uploads\/2024\/07\/Vista-dal-fondo-senza-corridoio_non-bella.jpg\" data-elementor-open-lightbox=\"yes\" data-elementor-lightbox-slideshow=\"342ba09\" data-elementor-lightbox-title=\"Vista-dal-fondo-senza-corridoio_non-bella\" data-e-action-hash=\"#elementor-action%3Aaction%3Dlightbox%26settings%3DeyJpZCI6NjUzOCwidXJsIjoiaHR0cHM6XC9cL3d3dy5yZWRwbHVzLmV1XC93cC1jb250ZW50XC91cGxvYWRzXC8yMDI0XC8wN1wvVmlzdGEtZGFsLWZvbmRvLXNlbnphLWNvcnJpZG9pb19ub24tYmVsbGEuanBnIiwic2xpZGVzaG93IjoiMzQyYmEwOSJ9\">\n\t\t\t\t\t<div class=\"e-gallery-image elementor-gallery-item__image\" data-thumbnail=\"https:\/\/www.redplus.eu\/wp-content\/uploads\/2024\/07\/Vista-dal-fondo-senza-corridoio_non-bella-1024x484.jpg\" data-width=\"800\" data-height=\"378\" aria-label=\"\" role=\"img\" ><\/div>\n\t\t\t\t\t\t\t\t\t\t\t\t\t\t<\/a>\n\t\t\t\t\t<\/div>\n\t\t\t\t\t<\/div>\n\t\t\t\t<\/div>\n\t\t\t\t\t<\/div>\n\t\t<\/div>\n\t\t\t\t\t<\/div>\n\t\t<\/section>\n\t\t\t\t<\/div>\n\t\t","protected":false},"excerpt":{"rendered":"<p>Grass plus Grass Plus \u00e8 un sistema in erba naturale rinforzata T\u00e9l\u00e9chargez le catalogue Depuis 2023, Red Plus est sur le march\u00e9 avec un projet tr\u00e8s ambitieux pour qui aime jouer sur les terrains en gazon naturel, Grass Plus. Grass Plus est un syst\u00e8me de gazon naturel renforc\u00e9, con\u00e7u par un pool d\u2019agronomes, de joueurs [&hellip;]<\/p>\n","protected":false},"author":7,"featured_media":0,"parent":0,"menu_order":0,"comment_status":"closed","ping_status":"closed","template":"","meta":{"_acf_changed":false,"footnotes":""},"class_list":["post-6533","page","type-page","status-publish","hentry"],"acf":[],"yoast_head":"<!-- This site is optimized with the Yoast SEO plugin v26.7 - https:\/\/yoast.com\/wordpress\/plugins\/seo\/ -->\n<title>Grass plus | RedPlus<\/title>\n<meta name=\"robots\" content=\"index, follow, max-snippet:-1, max-image-preview:large, max-video-preview:-1\" \/>\n<link rel=\"canonical\" href=\"https:\/\/www.redplus.eu\/fr\/grass-plus\/\" \/>\n<meta property=\"og:locale\" content=\"fr_FR\" \/>\n<meta property=\"og:type\" content=\"article\" \/>\n<meta property=\"og:title\" content=\"Grass plus | RedPlus\" \/>\n<meta property=\"og:description\" content=\"Grass plus Grass Plus \u00e8 un sistema in erba naturale rinforzata T\u00e9l\u00e9chargez le catalogue Depuis 2023, Red Plus est sur le march\u00e9 avec un projet tr\u00e8s ambitieux pour qui aime jouer sur les terrains en gazon naturel, Grass Plus. Grass Plus est un syst\u00e8me de gazon naturel renforc\u00e9, con\u00e7u par un pool d\u2019agronomes, de joueurs [&hellip;]\" \/>\n<meta property=\"og:url\" content=\"https:\/\/www.redplus.eu\/fr\/grass-plus\/\" \/>\n<meta property=\"og:site_name\" content=\"RedPlus\" \/>\n<meta property=\"article:modified_time\" content=\"2026-03-16T13:55:31+00:00\" \/>\n<meta property=\"og:image\" content=\"https:\/\/www.redplus.eu\/wp-content\/uploads\/2024\/05\/home-shape-gray.png\" \/>\n\t<meta property=\"og:image:width\" content=\"858\" \/>\n\t<meta property=\"og:image:height\" content=\"858\" \/>\n\t<meta property=\"og:image:type\" content=\"image\/png\" \/>\n<meta name=\"twitter:card\" content=\"summary_large_image\" \/>\n<meta name=\"twitter:label1\" content=\"Dur\u00e9e de lecture estim\u00e9e\" \/>\n\t<meta name=\"twitter:data1\" content=\"1 minute\" \/>\n<!-- \/ Yoast SEO plugin. -->","yoast_head_json":{"title":"Grass plus | RedPlus","robots":{"index":"index","follow":"follow","max-snippet":"max-snippet:-1","max-image-preview":"max-image-preview:large","max-video-preview":"max-video-preview:-1"},"canonical":"https:\/\/www.redplus.eu\/fr\/grass-plus\/","og_locale":"fr_FR","og_type":"article","og_title":"Grass plus | RedPlus","og_description":"Grass plus Grass Plus \u00e8 un sistema in erba naturale rinforzata T\u00e9l\u00e9chargez le catalogue Depuis 2023, Red Plus est sur le march\u00e9 avec un projet tr\u00e8s ambitieux pour qui aime jouer sur les terrains en gazon naturel, Grass Plus. Grass Plus est un syst\u00e8me de gazon naturel renforc\u00e9, con\u00e7u par un pool d\u2019agronomes, de joueurs [&hellip;]","og_url":"https:\/\/www.redplus.eu\/fr\/grass-plus\/","og_site_name":"RedPlus","article_modified_time":"2026-03-16T13:55:31+00:00","og_image":[{"width":858,"height":858,"url":"https:\/\/www.redplus.eu\/wp-content\/uploads\/2024\/05\/home-shape-gray.png","type":"image\/png"}],"twitter_card":"summary_large_image","twitter_misc":{"Dur\u00e9e de lecture estim\u00e9e":"1 minute"},"schema":{"@context":"https:\/\/schema.org","@graph":[{"@type":"WebPage","@id":"https:\/\/www.redplus.eu\/fr\/grass-plus\/","url":"https:\/\/www.redplus.eu\/fr\/grass-plus\/","name":"Grass plus | RedPlus","isPartOf":{"@id":"https:\/\/www.redplus.eu\/fr\/#website"},"primaryImageOfPage":{"@id":"https:\/\/www.redplus.eu\/fr\/grass-plus\/#primaryimage"},"image":{"@id":"https:\/\/www.redplus.eu\/fr\/grass-plus\/#primaryimage"},"thumbnailUrl":"https:\/\/www.redplus.eu\/wp-content\/uploads\/2024\/05\/home-shape-gray.png","datePublished":"2024-07-04T14:16:47+00:00","dateModified":"2026-03-16T13:55:31+00:00","breadcrumb":{"@id":"https:\/\/www.redplus.eu\/fr\/grass-plus\/#breadcrumb"},"inLanguage":"fr-FR","potentialAction":[{"@type":"ReadAction","target":["https:\/\/www.redplus.eu\/fr\/grass-plus\/"]}]},{"@type":"ImageObject","inLanguage":"fr-FR","@id":"https:\/\/www.redplus.eu\/fr\/grass-plus\/#primaryimage","url":"https:\/\/www.redplus.eu\/wp-content\/uploads\/2024\/05\/home-shape-gray.png","contentUrl":"https:\/\/www.redplus.eu\/wp-content\/uploads\/2024\/05\/home-shape-gray.png"},{"@type":"BreadcrumbList","@id":"https:\/\/www.redplus.eu\/fr\/grass-plus\/#breadcrumb","itemListElement":[{"@type":"ListItem","position":1,"name":"Home","item":"https:\/\/www.redplus.eu\/fr\/"},{"@type":"ListItem","position":2,"name":"Grass plus"}]},{"@type":"WebSite","@id":"https:\/\/www.redplus.eu\/fr\/#website","url":"https:\/\/www.redplus.eu\/fr\/","name":"RedPlus","description":"La nuova generazione dei campi da tennis","publisher":{"@id":"https:\/\/www.redplus.eu\/fr\/#organization"},"potentialAction":[{"@type":"SearchAction","target":{"@type":"EntryPoint","urlTemplate":"https:\/\/www.redplus.eu\/fr\/?s={search_term_string}"},"query-input":{"@type":"PropertyValueSpecification","valueRequired":true,"valueName":"search_term_string"}}],"inLanguage":"fr-FR"},{"@type":"Organization","@id":"https:\/\/www.redplus.eu\/fr\/#organization","name":"Redplus","url":"https:\/\/www.redplus.eu\/fr\/","logo":{"@type":"ImageObject","inLanguage":"fr-FR","@id":"https:\/\/www.redplus.eu\/fr\/#\/schema\/logo\/image\/","url":"https:\/\/www.redplus.eu\/wp-content\/uploads\/2022\/12\/site_logo.png","contentUrl":"https:\/\/www.redplus.eu\/wp-content\/uploads\/2022\/12\/site_logo.png","width":223,"height":66,"caption":"Redplus"},"image":{"@id":"https:\/\/www.redplus.eu\/fr\/#\/schema\/logo\/image\/"}}]}},"_links":{"self":[{"href":"https:\/\/www.redplus.eu\/fr\/wp-json\/wp\/v2\/pages\/6533","targetHints":{"allow":["GET"]}}],"collection":[{"href":"https:\/\/www.redplus.eu\/fr\/wp-json\/wp\/v2\/pages"}],"about":[{"href":"https:\/\/www.redplus.eu\/fr\/wp-json\/wp\/v2\/types\/page"}],"author":[{"embeddable":true,"href":"https:\/\/www.redplus.eu\/fr\/wp-json\/wp\/v2\/users\/7"}],"replies":[{"embeddable":true,"href":"https:\/\/www.redplus.eu\/fr\/wp-json\/wp\/v2\/comments?post=6533"}],"version-history":[{"count":4,"href":"https:\/\/www.redplus.eu\/fr\/wp-json\/wp\/v2\/pages\/6533\/revisions"}],"predecessor-version":[{"id":8022,"href":"https:\/\/www.redplus.eu\/fr\/wp-json\/wp\/v2\/pages\/6533\/revisions\/8022"}],"wp:attachment":[{"href":"https:\/\/www.redplus.eu\/fr\/wp-json\/wp\/v2\/media?parent=6533"}],"curies":[{"name":"wp","href":"https:\/\/api.w.org\/{rel}","templated":true}]}}